{"id":10,"date":"2025-03-11T14:49:37","date_gmt":"2025-03-11T14:49:37","guid":{"rendered":"https:\/\/whistleblowing.unidebt.cz\/?page_id=10"},"modified":"2025-03-11T14:49:37","modified_gmt":"2025-03-11T14:49:37","slug":"oznameni-o-moznem-protipravnim-jednani","status":"publish","type":"page","link":"https:\/\/whistleblowing.unidebt.cz\/","title":{"rendered":"Ozn\u00e1men\u00ed o mo\u017en\u00e9m protipr\u00e1vn\u00edm jedn\u00e1n\u00ed"},"content":{"rendered":"\n<div class=\"forminator-guttenberg\"><form id=\"forminator-module-6\" class=\"forminator-custom-form forminator-custom-form-6\" method=\"post\" data-forminator-render=\"0\" data-uid=\"69f2fc1c2a2d2\"><div role=\"alert\" aria-live=\"polite\" class=\"forminator-response-message forminator-error\" aria-hidden=\"true\"><\/div><\/form><\/div>\n\n","protected":false},"excerpt":{"rendered":"","protected":false},"author":1,"featured_media":0,"parent":0,"menu_order":0,"comment_status":"closed","ping_status":"closed","template":"","meta":{"footnotes":""},"class_list":["post-10","page","type-page","status-publish","hentry"],"_links":{"self":[{"href":"https:\/\/whistleblowing.unidebt.cz\/index.php?rest_route=\/wp\/v2\/pages\/10","targetHints":{"allow":["GET"]}}],"collection":[{"href":"https:\/\/whistleblowing.unidebt.cz\/index.php?rest_route=\/wp\/v2\/pages"}],"about":[{"href":"https:\/\/whistleblowing.unidebt.cz\/index.php?rest_route=\/wp\/v2\/types\/page"}],"author":[{"embeddable":true,"href":"https:\/\/whistleblowing.unidebt.cz\/index.php?rest_route=\/wp\/v2\/users\/1"}],"replies":[{"embeddable":true,"href":"https:\/\/whistleblowing.unidebt.cz\/index.php?rest_route=%2Fwp%2Fv2%2Fcomments&post=10"}],"version-history":[{"count":1,"href":"https:\/\/whistleblowing.unidebt.cz\/index.php?rest_route=\/wp\/v2\/pages\/10\/revisions"}],"predecessor-version":[{"id":12,"href":"https:\/\/whistleblowing.unidebt.cz\/index.php?rest_route=\/wp\/v2\/pages\/10\/revisions\/12"}],"wp:attachment":[{"href":"https:\/\/whistleblowing.unidebt.cz\/index.php?rest_route=%2Fwp%2Fv2%2Fmedia&parent=10"}],"curies":[{"name":"wp","href":"https:\/\/api.w.org\/{rel}","templated":true}]}}